{"id":484,"date":"2020-06-10T08:48:15","date_gmt":"2020-06-10T08:48:15","guid":{"rendered":"http:\/\/hotelmrak.si\/hotel-ljubljana\/?page_id=484"},"modified":"2025-02-05T10:37:51","modified_gmt":"2025-02-05T08:37:51","slug":"guest-directory-hotel-mrak","status":"publish","type":"page","link":"https:\/\/hotelmrak.si\/en\/more\/guest-directory-hotel-mrak\/","title":{"rendered":"Guest Directory Hotel Mrak"},"content":{"rendered":"<p>We are delighted to welcome you to the Hotel Mrak. This hotel directory gives you a thorough insight into\u00a0all our facilities and services available. If you have an additional question or request, please contact one of our team members. We\u00a0wish you a pleasant stay with us and hope you enjoy your time in Ljubljana.<\/p>\n<p><strong>Adapter<br \/>\n<\/strong>If you need an adapter (European) or a charger, please contact our reception desk.<\/p>\n<p><strong>Air conditioning &amp; Heating<br \/>\n<\/strong>All our rooms are equipped with Air conditioning. You can set the temperature as per your convenience. Please use the white remote control to set the air conditioning. If you need any assistance or you have questions about the system, please contact our reception team for help.<\/p>\n<p><strong>ATM<br \/>\n<\/strong>The closest ATM is located a few hundred meters away at Trg Republike (square), under the Nova Ljubljanska banka building. Please ask our reception to show you the location on the city map.<\/p>\n<p><strong>Airport (Ljubljana, Letali\u0161\u010de Jo\u017eeta Pu\u010dnika)<br \/>\n<\/strong>Ljubljana airport (Letali\u0161\u010de Jo\u017eeta Pu\u010dnika) is about 28km away from the hotel and it takes 25 \u2013 35 minutes by car. If you would like us to arrange for an airport transfer,\u00a0the reception team is more than happy to help you in this matter. In-advance arranged transfers are more convenient than taking those standing at the airport. Our reception team will also help you organize transfers from\/to other airports in the area (Venice, Trieste, Zagreb, etc.).<\/p>\n<p><strong>Baby bed<br \/>\n<\/strong>We have some baby cots available. Please contact our reception, if you need one. Additional charge my apply.<\/p>\n<p><strong>Bathrobe<\/strong><br \/>\nAvailable upon request<\/p>\n<p><strong>Beds\u2028<br \/>\n<\/strong>A good night\u2019s sleep is very important. For this reason, our comfortable beds are Slovenian product and are made of high-quality latex and spring recess that gently surrounds bodyweight, including with comfort and breathability.<\/p>\n<p><strong>Bike rental<\/strong>\u2028<br \/>\nYou can rent a bike at our reception or in advance, before your arrival via email (info@hotelmrak.si). You can also rent BICIKELJ (Ljubljana city bikes) just around the corner. Our reception team will help you to find the best possible solution that suits your needs &amp; budget. Including tips for routes in and around Ljubljana.<\/p>\n<p><strong>Breakfast\u2028Served in our Breakfast room from 7:00h \u2013 10.00h.<\/strong><br \/>\nBreakfast is very important to our team. It consists of freshly prepared cold and warm dishes and dishes prepared upon request. Extra charge for outside guests. Should you have any diet or health-connected issues, we will provide you breakfast items that suit your needs, upon request.<\/p>\n<p><strong>Car parking<br \/>\n<\/strong>There are several possibilities regarding car parking in the Hotel Mrak area. You may:<\/p>\n<ul>\n<li>Book in advance and park your car in front of the Hotel Mrak; extra charge will be applied because the hotel is also paying\/renting parking places to the community of Ljubljana<\/li>\n<li>Park your car in the Rimska street where you have parking places for which you can pay at a parking meter for a maximum of 2 hours or by using app EasyPark. You have to pay your hourly fee from Monday-Sunday 7.00a.m.-19.00 (7.00) p.m. If you do not pay the parking fee, there is a big chance that you get a ticket as a penalty.<\/li>\n<li>Or park your car in the garage \u0160umi, Slovenska cesta 16, this is 200m from the hotel Mrak\n<p><em>For further information and for booking a park place in front of the hotel, please contact us via email (info@hotelmrak.si) or contact directly our reception team who will help you to find the best possible solution<\/em>.<\/li>\n<\/ul>\n<p><strong>Car rental<\/strong>\u2028<br \/>\nYou can rent a car at our reception or via email (info@hotelmrak.si) before your arrival. Our reception team will help you to find the best possible solution that suits your needs &amp; budget.<\/p>\n<p><strong>Check in &amp; check out<br \/>\n<\/strong>Check in is from 14.00 p.m. Should you need your room earlier, please check availability in advance. Additional charges may apply for early check-in and accommodation.<\/p>\n<p>Check out\u00a0time is until 11.00 a.m. The reception team will assist you to store your luggage if you would like to spend more time in town\u00a0before going to the airport. If you require a later check out or wish to extend your stay, please contact reception. Additional charges may apply for extended stay or late check out from the hotel. \u00a0In any case, our reception team will store your luggage and help you with some useful tips about Ljubljana.<\/p>\n<p><strong>Concierge service<\/strong>\u2028<br \/>\nOur reception team assists with all your requests and wishes, such as table bookings, restaurant recommendations, flower and sweets arrangements, theatre and museum tickets as well as mailing your correspondence.<\/p>\n<p><strong>Copy\/Scan<\/strong>\u2028<br \/>\nIf you need to copy\/scan documents please contact our reception team.<\/p>\n<p><strong>Credit cards\u2028<br \/>\n<\/strong>We accept the following credit cards: MasterCard\/Euro card, VISA. If you have questions in regard to payment\u00a0methods, please contact our reception.<\/p>\n<p><strong>City tour (Ljubljana), walking tour or tour with bikes<\/strong>\u2028<br \/>\nLjubljana (the European Green capital of 2016) has many reasons that its streets are worth visiting and interesting stories of Ple\u010dnik architecture (under Unesco). Our reception team will assist you in organizing a sightseeing walking tour for individuals or groups in several languages as well as bike tours in Ljubljana surroundings.<\/p>\n<p><strong>Daily trips<\/strong>\u2028<br \/>\nHotel Mrak is an excellent starting point for many daily trips around beautiful Slovenija. Before the arrival or during your stay send us an email (info@hotelmrak.si) or ask our reception team who will be more than happy to assist you.<\/p>\n<p><strong>Damage to hotel property<\/strong>\u2028<br \/>\nDamaged hotel property or extra cleaning fee (smoking in the rooms is forbidden) of the hotel room or other hotel premises will be charged as damage service fee\/ compensation. You pay the invoice at the front desk.<\/p>\n<p><strong>Do not disturb sign<\/strong>\u2028<br \/>\nIn case you do not wish to be disturbed or if you do not want our housekeeping team entering your room, please leave the \u201cDo not disturb\u201d sign on the outside doorknob. If you do not want to receive any\u00a0telephone calls, please inform the reception. Internal room-to-room calls cannot be prevented.<\/p>\n<p><strong>Dry cleaning service<\/strong>\u2028<br \/>\nAvailable Monday\u2013Friday from 8.00 a.m. \u2013 6.00 p.m. For more information, please call our front desk team.<\/p>\n<p><strong>Electricity<\/strong>\u2028<br \/>\nAll our electric appliances are 220V.<\/p>\n<p><strong>Emergency exits\u2028<br \/>\n<\/strong>Evacuation instructions and floor plans are located at your room door.<\/p>\n<p><strong>Events in Ljubljana<\/strong>\u2028<br \/>\nEvents take place in Ljubljana all year round. Our reception team will assist you in finding the right event at the right time.<\/p>\n<p><strong>Fire safety in the Hotel Mrak<\/strong>\u2028<br \/>\nUpon arrival, check your room location and read the fire safety instructions in the room. Please also check the fire extinguisher location.<br \/>\nThere is a dust extinguisher in the hall on each floor, where you can extinguish all types of small fires. Please use fire extinguishers according to the instructions; abuse is charged. There is also a floor plan with all the exits marked in your room.<\/p>\n<p>Upon arrival at your hotel room, look at the fire safety instructions. Please check the location of your room in the building, all the possible ways out and location of the fire extinguisher. In case of fire, do not use the elevator.<\/p>\n<p><strong>Food &amp; Drink<\/strong><br \/>\nIt is not allowed to bring food and beverage from outside in the hotel. Hotel keep the right to move this food and beverage and charge the corckage fee\/service fee. Hotel has its Bar in the hotel lobby.<\/p>\n<p><strong>Hair dryer<\/strong>\u2028<br \/>\nAll rooms are equipped with a hair dryer in the bathrooms.<\/p>\n<p><strong>Half board\/ Lunch or Dinner supplement<\/strong><br \/>\nAlthough our prices are mostly based on Bed &amp; Breakfast services, we can upon request prepare a half board, full board or other Food &amp; Beverage services (lunch, dinner, catering during coffee breaks, take away packages, etc.). We set the menu upon your request. For individuals or groups. Please contact our front desk.<\/p>\n<p><strong>Housekeeping<\/strong>\u2028<br \/>\nOur Housekeeping team is always at your service. Should you require anti-allergy pillows and blankets, an extra towel, an extra pillow, an extra blanket, or an ironing board &amp; iron please let us\u00a0know. Please be careful when using an iron in the room in order not to cause a fire. For an extra cleaning service of your room, please contact the reception.<br \/>\nSewing kits, slippers, bathrobes, or bathroom chairs are also available upon request; extra charges may apply. Please contact the reception team for them.<\/p>\n<p><strong>Internet\/WIFI<\/strong>\u2028<br \/>\nInternet connection is available in the hotel with no extra charge. If you experience any problems with your connection, please contact reception. <br \/>\nNetwork: Hotel WIFI Mrak <br \/>\nPassword: mrak2012<br \/>\nShould you need a computer or printer access (service) please contact our reception.<\/p>\n<p><strong>Iron and ironing board\u2028<br \/>\n<\/strong>Please contact the reception if you wish to have the iron and ironing board delivered to your room.<\/p>\n<p><strong>Ironing service<\/strong>\u2028<br \/>\nWe can provide you with an ironing service, so please tick in the appropriate box on the laundry list, found in your wardrobe. The costs for the ironing service is on the list. Talk to our reception in order to define the right schedule for the ironing service that suits your needs.<\/p>\n<p><strong>Laundry service\u2028<br \/>\n<\/strong>Laundry service is available (Mon\u2013Sun). Please leave your laundry on the bed in the laundry bag for Housekeeping to collect and you will receive your freshly cleaned laundry by 6 pm the following day. If you require your laundry back before 9.00 am the following day, please bring it to the reception desk before 9.00 am. laundry bags, as well as the price lists, are in the wardrobe in your room. It is not allowed to wash your clothes in the rooms.<\/p>\n<p><strong>Linen change\u2028<br \/>\n<\/strong>Because we care about the environment, we change linen every third day if you are staying longer. Should you need a daily change, please contact reception. We change all towels, which you can leave on the floor in the bathroom.<\/p>\n<p><strong>Lost &amp; Found<\/strong>\u2028<br \/>\nBefore you leave, make sure you don\u2019t forget anything. All found items are kept for 3 months. Please contact our reception or send a mail to\u00a0info@hotelmrak.si\u00a0if you are missing something.<\/p>\n<p><strong>Luggage<\/strong> <br \/>\nOur team can help you with your luggage upon your request. Hotel has its storage room.<\/p>\n<p><strong>Lobby bar<\/strong>\u2028<br \/>\nOur lobby bar is open until 22h (10.00 p.m.). In our lobby bar, we do offer you a selection of drinks. You can find the price list of our Lobby bar in the appendix to this guest directory, which you will find in your room.<\/p>\n<p><strong>Medical service\/Pharmacy\u2028<br \/>\n<\/strong>The closest Pharmacy is located across the Slovenska street in Gregor\u010di\u010deva street. For more information, please contact our reception. Should you need a doctor, please contact our reception team.<\/p>\n<p><strong>Meeting room\u2028<br \/>\n<\/strong>There is a meeting room at your disposal. For reservation, set up and pricing, please contact our management. If you are thinking about a special event during the summer season, our inside Garden is also available upon prior agreement.<\/p>\n<p><strong>Money\u2028<br \/>\n<\/strong>We accept payments in euros (\u20ac).<\/p>\n<p><strong>Newspapers\u2028<br \/>\n<\/strong>You can find daily newspapers in our lobby and on the tablet app; ask the reception team for details.<\/p>\n<p><strong>Personal hygiene<\/strong>\u2028<br \/>\nWe have extra personal hygiene items upon request (shaving kits, dental kits, vanity sets, slippers, a bathrobe, etc.); extra charges may apply. Please contact our reception team and they will be more than happy to assist you.<\/p>\n<p><strong>Pet policy\u2028<br \/>\n<\/strong>In our hotel, pets are welcome. Additional charges apply for their stay.<\/p>\n<p><strong>Public transport in Ljubljana\u2028<br \/>\n<\/strong>To use city public transport in Ljubljana it is necessary to buy an URBANA card, which you can buy in the nearest tobacco shop, just across the Slovenska street or in all post offices. For other public transport and its schedules, please contact our reception team for advice.<\/p>\n<p><strong>Radio and television\u2028<br \/>\n<\/strong>Music channels are available in all rooms through the TV. You can find the TV channel list in the appendix to this guest directory, which you will find in your room.<\/p>\n<p><strong>Reception \u2013 Front desk\u2028<br \/>\n<\/strong>Our reception is open 06 h \u2013 22h upon request for late arrivals. You can reach our reception before your arrival at\u00a0info@hotelmrak.si\u00a0or call\u00a000386 1 421 96 50\u00a0or call reception from your room when staying at the hotel.<\/p>\n<p><strong>Restaurants (Culinary tips), Slovenija: European gastronomy destination of 2021<\/strong>\u2028<br \/>\nOur hotel restaurant is open upon request and advanced booking. For groups or individuals. Seasonal and local menus are available upon advance agreement. We are happy to assist you in organizing lunch, dinner, a coffee break, or special event with the Food &amp; Beverage services.<\/p>\n<p>There are also many excellent restaurants in Slovenija and in the capital Ljubljana. Slovenija is known as a culinary\/gastronomy destination. Depending on the budget and type of food you are looking for, our reception team will give you the best recommendations.<\/p>\n<p><strong>Room service\/In-room dining<\/strong><br \/>\nAll rooms are equipped with a fridge, coffee, tea, and a kettle.\u2028Our room service for food items is available from 8.00 a.m. \u2013 10.00 a.m., for drinks until the front desk opening hours. \u2028A separate menu for room service is added to this guest directory. <\/p>\n<p><em>It is not allowed to bring food&amp; beverages from the outside to the hotel.<\/em><\/p>\n<p><strong>Safe deposit box\u2028<br \/>\n<\/strong>All our rooms are equipped with an in-room safe (laptop size). You can find it in your main wardrobe. Please follow the instructions on the\u00a0front side of the safe. The hotel does not take responsibility for money and any other valuable items not placed in the in-room safe. Please ensure that your door is always locked securely upon leaving your room.<\/p>\n<p><strong>Shoe-polishing\/cleaning\u2028<br \/>\n<\/strong>Shoe-polishing machine is on the ground-floor corridor. You may also ask for an extra shoe polishing kit at the front desk.<\/p>\n<p><strong>Shopping in Ljubljana\u2028<br \/>\n<\/strong>You may find several shops in the Ljubljana center or in BTC, which is our shopping center just a 10-minute drive from the hotel. For advice, please contact our reception team.<\/p>\n<p><strong>Smoking Policy (Non-Smoking hotel)\u2028<br \/>\n<\/strong>Smoking is not permitted within the hotel ground-floor facilities as well as in bedrooms. Smoking is not permitted in Slovenija in all public places; therefore, our hotel is a non-smoking property. Any smoking in the room will be charged as damage.<\/p>\n<p><strong>Sporting Activities\u2028<br \/>\n<\/strong>If you wish to do outdoor or indoor activities, there are plenty of possibilities. We can help you in renting a bicycle or other equipment and give tips on what sports to do in the area. Just a breath away from Hotel Mrak, there are several walking and running paths. A few tips regarding the sports in the area are also on our website www.hotelmrak.si<\/p>\n<p><strong>Survey questionnaire\u2028<br \/>\n<\/strong>We are looking forward to receiving feedback from you. You can fill out the questionnaire online.<\/p>\n<p>There is also a book of comments and praises. We also look forward to seeing your opinions and evaluations of satisfaction and suggestions online.<\/p>\n<p><strong>Taxi\u2028Hotel<\/strong> <br \/>\nMrak has its taxi service and drivers. Please contact our reception in order to book your service.<\/p>\n<p><strong>Telephone numbers\u2028<br \/>\n<\/strong>Reception \u2026\u2026\u2026. button reception\u2028<br \/>\nUrgent medical help and fire-fighters \u2026\u2026\u2026.112\u2028<br \/>\nHotel Mrak (front desk) 01 421 96 50<br \/>\nFor calls out of the hotel, simply call the desired number. <br \/>\nRoom to room calls:plase dail the room number you wish to call. <br \/>\nFor other information regarding telephone numbers, please contact our reception team.<\/p>\n<p><strong>Umbrellas\u2028<br \/>\n<\/strong>It is hard to predict the weather, however, umbrellas are available at reception should you require one.<\/p>\n<p><strong>Wake-up calls<\/strong>\u2028<br \/>\nNot to miss your early start of the day, let us wake you up in the morning. Please contact our reception team to place your wake-up call.<\/p>\n<p><strong>Water<br \/>\n<\/strong>Water is one of the most valuable goods and there is tap drinking in our hotel. We ask you to treat water sparingly and close the tap after usage.<br \/>\nThe bottle of water in the room is available free of charge. Tap water is one of the best in the world.<\/p>\n","protected":false},"excerpt":{"rendered":"<p>We are delighted to welcome you to the Hotel Mrak. This hotel directory gives you a thorough insight into\u00a0all our facilities and services available. If you have an additional question or request, please contact one of our team members. We\u00a0wish you a pleasant stay with us and hope you enjoy your time in Ljubljana. Adapter&#8230;<\/p>\n","protected":false},"author":1,"featured_media":0,"parent":485,"menu_order":2,"comment_status":"closed","ping_status":"closed","template":"","meta":{"footnotes":""},"class_list":["post-484","slug-page","type-page","status-publish","hentry"],"yoast_head":"<!-- This site is optimized with the Yoast SEO plugin v27.1.1 - https:\/\/yoast.com\/product\/yoast-seo-wordpress\/ -->\n<title>Guest Directory Hotel Mrak - Hotel Mrak<\/title>\n<meta name=\"robots\" content=\"index, follow, max-snippet:-1, max-image-preview:large, max-video-preview:-1\" \/>\n<link rel=\"canonical\" href=\"https:\/\/hotelmrak.si\/en\/more\/guest-directory-hotel-mrak\/\" \/>\n<meta property=\"og:locale\" content=\"en_US\" \/>\n<meta property=\"og:type\" content=\"article\" \/>\n<meta property=\"og:title\" content=\"Guest Directory Hotel Mrak - Hotel Mrak\" \/>\n<meta property=\"og:description\" content=\"We are delighted to welcome you to the Hotel Mrak. This hotel directory gives you a thorough insight into\u00a0all our facilities and services available. If you have an additional question or request, please contact one of our team members. We\u00a0wish you a pleasant stay with us and hope you enjoy your time in Ljubljana. Adapter...\" \/>\n<meta property=\"og:url\" content=\"https:\/\/hotelmrak.si\/en\/more\/guest-directory-hotel-mrak\/\" \/>\n<meta property=\"og:site_name\" content=\"Hotel Mrak\" \/>\n<meta property=\"article:publisher\" content=\"https:\/\/www.facebook.com\/hotelmrak.si\/\" \/>\n<meta property=\"article:modified_time\" content=\"2025-02-05T08:37:51+00:00\" \/>\n<meta name=\"twitter:card\" content=\"summary_large_image\" \/>\n<meta name=\"twitter:label1\" content=\"Est. reading time\" \/>\n\t<meta name=\"twitter:data1\" content=\"15 minutes\" \/>\n<script type=\"application\/ld+json\" class=\"yoast-schema-graph\">{\"@context\":\"https:\/\/schema.org\",\"@graph\":[{\"@type\":\"WebPage\",\"@id\":\"https:\/\/hotelmrak.si\/en\/more\/guest-directory-hotel-mrak\/\",\"url\":\"https:\/\/hotelmrak.si\/en\/more\/guest-directory-hotel-mrak\/\",\"name\":\"Guest Directory Hotel Mrak - Hotel Mrak\",\"isPartOf\":{\"@id\":\"https:\/\/hotelmrak.si\/en\/#website\"},\"datePublished\":\"2020-06-10T08:48:15+00:00\",\"dateModified\":\"2025-02-05T08:37:51+00:00\",\"breadcrumb\":{\"@id\":\"https:\/\/hotelmrak.si\/en\/more\/guest-directory-hotel-mrak\/#breadcrumb\"},\"inLanguage\":\"en-US\",\"potentialAction\":[{\"@type\":\"ReadAction\",\"target\":[\"https:\/\/hotelmrak.si\/en\/more\/guest-directory-hotel-mrak\/\"]}]},{\"@type\":\"BreadcrumbList\",\"@id\":\"https:\/\/hotelmrak.si\/en\/more\/guest-directory-hotel-mrak\/#breadcrumb\",\"itemListElement\":[{\"@type\":\"ListItem\",\"position\":1,\"name\":\"Home\",\"item\":\"https:\/\/hotelmrak.si\/en\/\"},{\"@type\":\"ListItem\",\"position\":2,\"name\":\"More\",\"item\":\"https:\/\/hotelmrak.si\/en\/more\/\"},{\"@type\":\"ListItem\",\"position\":3,\"name\":\"Guest Directory Hotel Mrak\"}]},{\"@type\":\"WebSite\",\"@id\":\"https:\/\/hotelmrak.si\/en\/#website\",\"url\":\"https:\/\/hotelmrak.si\/en\/\",\"name\":\"Hotel Mrak\",\"description\":\"Hotel Mrak is a family-owned hotel set in the old town of Ljubljana.\",\"publisher\":{\"@id\":\"https:\/\/hotelmrak.si\/en\/#organization\"},\"potentialAction\":[{\"@type\":\"SearchAction\",\"target\":{\"@type\":\"EntryPoint\",\"urlTemplate\":\"https:\/\/hotelmrak.si\/en\/?s={search_term_string}\"},\"query-input\":{\"@type\":\"PropertyValueSpecification\",\"valueRequired\":true,\"valueName\":\"search_term_string\"}}],\"inLanguage\":\"en-US\"},{\"@type\":\"Organization\",\"@id\":\"https:\/\/hotelmrak.si\/en\/#organization\",\"name\":\"Hotel Mrak\",\"url\":\"https:\/\/hotelmrak.si\/en\/\",\"logo\":{\"@type\":\"ImageObject\",\"inLanguage\":\"en-US\",\"@id\":\"https:\/\/hotelmrak.si\/en\/#\/schema\/logo\/image\/\",\"url\":\"https:\/\/hotelmrak.si\/hotel-ljubljana\/wp-content\/uploads\/2018\/09\/logo_hotel_mrak.png\",\"contentUrl\":\"https:\/\/hotelmrak.si\/hotel-ljubljana\/wp-content\/uploads\/2018\/09\/logo_hotel_mrak.png\",\"width\":335,\"height\":126,\"caption\":\"Hotel Mrak\"},\"image\":{\"@id\":\"https:\/\/hotelmrak.si\/en\/#\/schema\/logo\/image\/\"},\"sameAs\":[\"https:\/\/www.facebook.com\/hotelmrak.si\/\",\"https:\/\/www.instagram.com\/hotelmrak\/\"]}]}<\/script>\n<!-- \/ Yoast SEO plugin. -->","yoast_head_json":{"title":"Guest Directory Hotel Mrak - Hotel Mrak","robots":{"index":"index","follow":"follow","max-snippet":"max-snippet:-1","max-image-preview":"max-image-preview:large","max-video-preview":"max-video-preview:-1"},"canonical":"https:\/\/hotelmrak.si\/en\/more\/guest-directory-hotel-mrak\/","og_locale":"en_US","og_type":"article","og_title":"Guest Directory Hotel Mrak - Hotel Mrak","og_description":"We are delighted to welcome you to the Hotel Mrak. This hotel directory gives you a thorough insight into\u00a0all our facilities and services available. If you have an additional question or request, please contact one of our team members. We\u00a0wish you a pleasant stay with us and hope you enjoy your time in Ljubljana. Adapter...","og_url":"https:\/\/hotelmrak.si\/en\/more\/guest-directory-hotel-mrak\/","og_site_name":"Hotel Mrak","article_publisher":"https:\/\/www.facebook.com\/hotelmrak.si\/","article_modified_time":"2025-02-05T08:37:51+00:00","twitter_card":"summary_large_image","twitter_misc":{"Est. reading time":"15 minutes"},"schema":{"@context":"https:\/\/schema.org","@graph":[{"@type":"WebPage","@id":"https:\/\/hotelmrak.si\/en\/more\/guest-directory-hotel-mrak\/","url":"https:\/\/hotelmrak.si\/en\/more\/guest-directory-hotel-mrak\/","name":"Guest Directory Hotel Mrak - Hotel Mrak","isPartOf":{"@id":"https:\/\/hotelmrak.si\/en\/#website"},"datePublished":"2020-06-10T08:48:15+00:00","dateModified":"2025-02-05T08:37:51+00:00","breadcrumb":{"@id":"https:\/\/hotelmrak.si\/en\/more\/guest-directory-hotel-mrak\/#breadcrumb"},"inLanguage":"en-US","potentialAction":[{"@type":"ReadAction","target":["https:\/\/hotelmrak.si\/en\/more\/guest-directory-hotel-mrak\/"]}]},{"@type":"BreadcrumbList","@id":"https:\/\/hotelmrak.si\/en\/more\/guest-directory-hotel-mrak\/#breadcrumb","itemListElement":[{"@type":"ListItem","position":1,"name":"Home","item":"https:\/\/hotelmrak.si\/en\/"},{"@type":"ListItem","position":2,"name":"More","item":"https:\/\/hotelmrak.si\/en\/more\/"},{"@type":"ListItem","position":3,"name":"Guest Directory Hotel Mrak"}]},{"@type":"WebSite","@id":"https:\/\/hotelmrak.si\/en\/#website","url":"https:\/\/hotelmrak.si\/en\/","name":"Hotel Mrak","description":"Hotel Mrak is a family-owned hotel set in the old town of Ljubljana.","publisher":{"@id":"https:\/\/hotelmrak.si\/en\/#organization"},"potentialAction":[{"@type":"SearchAction","target":{"@type":"EntryPoint","urlTemplate":"https:\/\/hotelmrak.si\/en\/?s={search_term_string}"},"query-input":{"@type":"PropertyValueSpecification","valueRequired":true,"valueName":"search_term_string"}}],"inLanguage":"en-US"},{"@type":"Organization","@id":"https:\/\/hotelmrak.si\/en\/#organization","name":"Hotel Mrak","url":"https:\/\/hotelmrak.si\/en\/","logo":{"@type":"ImageObject","inLanguage":"en-US","@id":"https:\/\/hotelmrak.si\/en\/#\/schema\/logo\/image\/","url":"https:\/\/hotelmrak.si\/hotel-ljubljana\/wp-content\/uploads\/2018\/09\/logo_hotel_mrak.png","contentUrl":"https:\/\/hotelmrak.si\/hotel-ljubljana\/wp-content\/uploads\/2018\/09\/logo_hotel_mrak.png","width":335,"height":126,"caption":"Hotel Mrak"},"image":{"@id":"https:\/\/hotelmrak.si\/en\/#\/schema\/logo\/image\/"},"sameAs":["https:\/\/www.facebook.com\/hotelmrak.si\/","https:\/\/www.instagram.com\/hotelmrak\/"]}]}},"_links":{"self":[{"href":"https:\/\/hotelmrak.si\/en\/wp-json\/wp\/v2\/pages\/484","targetHints":{"allow":["GET"]}}],"collection":[{"href":"https:\/\/hotelmrak.si\/en\/wp-json\/wp\/v2\/pages"}],"about":[{"href":"https:\/\/hotelmrak.si\/en\/wp-json\/wp\/v2\/types\/page"}],"author":[{"embeddable":true,"href":"https:\/\/hotelmrak.si\/en\/wp-json\/wp\/v2\/users\/1"}],"replies":[{"embeddable":true,"href":"https:\/\/hotelmrak.si\/en\/wp-json\/wp\/v2\/comments?post=484"}],"version-history":[{"count":7,"href":"https:\/\/hotelmrak.si\/en\/wp-json\/wp\/v2\/pages\/484\/revisions"}],"predecessor-version":[{"id":2390,"href":"https:\/\/hotelmrak.si\/en\/wp-json\/wp\/v2\/pages\/484\/revisions\/2390"}],"up":[{"embeddable":true,"href":"https:\/\/hotelmrak.si\/en\/wp-json\/wp\/v2\/pages\/485"}],"wp:attachment":[{"href":"https:\/\/hotelmrak.si\/en\/wp-json\/wp\/v2\/media?parent=484"}],"curies":[{"name":"wp","href":"https:\/\/api.w.org\/{rel}","templated":true}]}}