{"id":699,"date":"2020-06-13T03:57:37","date_gmt":"2020-06-13T03:57:37","guid":{"rendered":"http:\/\/hotelmrak.si\/hotel-ljubljana\/?page_id=699"},"modified":"2022-03-29T08:21:00","modified_gmt":"2022-03-29T06:21:00","slug":"ljubljana","status":"publish","type":"page","link":"https:\/\/hotelmrak.si\/en\/experience\/ljubljana\/","title":{"rendered":"PLE\u010cNIK&#8217;S LJUBLJANA"},"content":{"rendered":"<p>The hotel is located in the old city centre, close to the remains of the ancient Roman city of Emona, as evidenced by the name of the road on which the hotel stands. Only a few steps away, you will find archaeological excavations and remains from Roman times (Roman wall).<\/p>\n<p>To the Ljubljanica River, which is the central and connecting line of the old town, head merely a few steps down the picturesque streets past the main festival space of Kri\u017eanke with the Kri\u017eevni\u0161ka church, which is the work of the world-renowned Slovenian architect Jo\u017ee Ple\u010dnik. The multitude of his creations in the city, referred to as a whole as &#8220;<a href=\"https:\/\/www.bbc.com\/reel\/video\/p0bv9999\/inside-the-stunning-new-athens-of-central-europe\">Ple\u010dnik&#8217;s Ljubljana<\/a>&#8221; , is considered to be one of the 20th century&#8217;s most important total works of art. NUK, the National and University Library, which is also Ple\u010dnik\u2019s work, is located only a few steps forward. When we reach the pleasantly settled embankment, we immediately find ourselves in a partially preserved medieval Ljubljana with striking alleys and squares with a multitude of picturesque bars and shops on the opposite bank of the Ljubljanica River, which is accessible via several stone bridges and wooden footbridges.<\/p>\n<p>Hotel Mrak is a great place to stay in the centre of Ljubljana, since all important national and city sights and facilities are accessible by foot. In cooperation with our partner tourist agency, we have prepared an offer for guided city tours in small groups. Individual visits to the sites are subject to prior arrangement. The tour lasts for two hours and makes for a special way to get to know Ljubljana, the green capital of Europe in 2016.<\/p>\n","protected":false},"excerpt":{"rendered":"<p>The hotel is located in the old city centre, close to the remains of the ancient Roman city of Emona, as evidenced by the name of the road on which the hotel stands. Only a few steps away, you will find archaeological excavations and remains from Roman times (Roman wall). To the Ljubljanica River, which&#8230;<\/p>\n","protected":false},"author":1,"featured_media":620,"parent":518,"menu_order":0,"comment_status":"closed","ping_status":"closed","template":"","meta":{"footnotes":""},"class_list":["post-699","slug-page","type-page","status-publish","has-post-thumbnail","hentry","hm-blocks"],"yoast_head":"<!-- This site is optimized with the Yoast SEO plugin v27.4 - https:\/\/yoast.com\/product\/yoast-seo-wordpress\/ -->\n<title>PLE\u010cNIK&#039;S LJUBLJANA - Hotel Mrak<\/title>\n<meta name=\"robots\" content=\"index, follow, max-snippet:-1, max-image-preview:large, max-video-preview:-1\" \/>\n<link rel=\"canonical\" href=\"https:\/\/hotelmrak.si\/en\/experience\/ljubljana\/\" \/>\n<meta property=\"og:locale\" content=\"en_US\" \/>\n<meta property=\"og:type\" content=\"article\" \/>\n<meta property=\"og:title\" content=\"PLE\u010cNIK&#039;S LJUBLJANA - Hotel Mrak\" \/>\n<meta property=\"og:description\" content=\"The hotel is located in the old city centre, close to the remains of the ancient Roman city of Emona, as evidenced by the name of the road on which the hotel stands. Only a few steps away, you will find archaeological excavations and remains from Roman times (Roman wall). To the Ljubljanica River, which...\" \/>\n<meta property=\"og:url\" content=\"https:\/\/hotelmrak.si\/en\/experience\/ljubljana\/\" \/>\n<meta property=\"og:site_name\" content=\"Hotel Mrak\" \/>\n<meta property=\"article:publisher\" content=\"https:\/\/www.facebook.com\/hotelmrak.si\/\" \/>\n<meta property=\"article:modified_time\" content=\"2022-03-29T06:21:00+00:00\" \/>\n<meta property=\"og:image\" content=\"https:\/\/hotelmrak.si\/hotel-ljubljana\/wp-content\/uploads\/2020\/06\/F000768-ljubljanica_river_and_cankar_quay_b_kladnik_2689_orig_jpg-photo-l-1350x900-1.jpg\" \/>\n\t<meta property=\"og:image:width\" content=\"1350\" \/>\n\t<meta property=\"og:image:height\" content=\"900\" \/>\n\t<meta property=\"og:image:type\" content=\"image\/jpeg\" \/>\n<meta name=\"twitter:card\" content=\"summary_large_image\" \/>\n<meta name=\"twitter:label1\" content=\"Est. reading time\" \/>\n\t<meta name=\"twitter:data1\" content=\"2 minutes\" \/>\n<script type=\"application\/ld+json\" class=\"yoast-schema-graph\">{\"@context\":\"https:\\\/\\\/schema.org\",\"@graph\":[{\"@type\":\"WebPage\",\"@id\":\"https:\\\/\\\/hotelmrak.si\\\/en\\\/experience\\\/ljubljana\\\/\",\"url\":\"https:\\\/\\\/hotelmrak.si\\\/en\\\/experience\\\/ljubljana\\\/\",\"name\":\"PLE\u010cNIK'S LJUBLJANA - Hotel Mrak\",\"isPartOf\":{\"@id\":\"https:\\\/\\\/hotelmrak.si\\\/en\\\/#website\"},\"primaryImageOfPage\":{\"@id\":\"https:\\\/\\\/hotelmrak.si\\\/en\\\/experience\\\/ljubljana\\\/#primaryimage\"},\"image\":{\"@id\":\"https:\\\/\\\/hotelmrak.si\\\/en\\\/experience\\\/ljubljana\\\/#primaryimage\"},\"thumbnailUrl\":\"https:\\\/\\\/hotelmrak.si\\\/hotel-ljubljana\\\/wp-content\\\/uploads\\\/2020\\\/06\\\/F000768-ljubljanica_river_and_cankar_quay_b_kladnik_2689_orig_jpg-photo-l-1350x900-1.jpg\",\"datePublished\":\"2020-06-13T03:57:37+00:00\",\"dateModified\":\"2022-03-29T06:21:00+00:00\",\"breadcrumb\":{\"@id\":\"https:\\\/\\\/hotelmrak.si\\\/en\\\/experience\\\/ljubljana\\\/#breadcrumb\"},\"inLanguage\":\"en-US\",\"potentialAction\":[{\"@type\":\"ReadAction\",\"target\":[\"https:\\\/\\\/hotelmrak.si\\\/en\\\/experience\\\/ljubljana\\\/\"]}]},{\"@type\":\"ImageObject\",\"inLanguage\":\"en-US\",\"@id\":\"https:\\\/\\\/hotelmrak.si\\\/en\\\/experience\\\/ljubljana\\\/#primaryimage\",\"url\":\"https:\\\/\\\/hotelmrak.si\\\/hotel-ljubljana\\\/wp-content\\\/uploads\\\/2020\\\/06\\\/F000768-ljubljanica_river_and_cankar_quay_b_kladnik_2689_orig_jpg-photo-l-1350x900-1.jpg\",\"contentUrl\":\"https:\\\/\\\/hotelmrak.si\\\/hotel-ljubljana\\\/wp-content\\\/uploads\\\/2020\\\/06\\\/F000768-ljubljanica_river_and_cankar_quay_b_kladnik_2689_orig_jpg-photo-l-1350x900-1.jpg\",\"width\":1350,\"height\":900},{\"@type\":\"BreadcrumbList\",\"@id\":\"https:\\\/\\\/hotelmrak.si\\\/en\\\/experience\\\/ljubljana\\\/#breadcrumb\",\"itemListElement\":[{\"@type\":\"ListItem\",\"position\":1,\"name\":\"Home\",\"item\":\"https:\\\/\\\/hotelmrak.si\\\/en\\\/\"},{\"@type\":\"ListItem\",\"position\":2,\"name\":\"Experience\",\"item\":\"https:\\\/\\\/hotelmrak.si\\\/en\\\/experience\\\/\"},{\"@type\":\"ListItem\",\"position\":3,\"name\":\"PLE\u010cNIK&#8217;S LJUBLJANA\"}]},{\"@type\":\"WebSite\",\"@id\":\"https:\\\/\\\/hotelmrak.si\\\/en\\\/#website\",\"url\":\"https:\\\/\\\/hotelmrak.si\\\/en\\\/\",\"name\":\"Hotel Mrak\",\"description\":\"Hotel Mrak is a family-owned hotel set in the old town of Ljubljana.\",\"publisher\":{\"@id\":\"https:\\\/\\\/hotelmrak.si\\\/en\\\/#organization\"},\"potentialAction\":[{\"@type\":\"SearchAction\",\"target\":{\"@type\":\"EntryPoint\",\"urlTemplate\":\"https:\\\/\\\/hotelmrak.si\\\/en\\\/?s={search_term_string}\"},\"query-input\":{\"@type\":\"PropertyValueSpecification\",\"valueRequired\":true,\"valueName\":\"search_term_string\"}}],\"inLanguage\":\"en-US\"},{\"@type\":\"Organization\",\"@id\":\"https:\\\/\\\/hotelmrak.si\\\/en\\\/#organization\",\"name\":\"Hotel Mrak\",\"url\":\"https:\\\/\\\/hotelmrak.si\\\/en\\\/\",\"logo\":{\"@type\":\"ImageObject\",\"inLanguage\":\"en-US\",\"@id\":\"https:\\\/\\\/hotelmrak.si\\\/en\\\/#\\\/schema\\\/logo\\\/image\\\/\",\"url\":\"https:\\\/\\\/hotelmrak.si\\\/hotel-ljubljana\\\/wp-content\\\/uploads\\\/2018\\\/09\\\/logo_hotel_mrak.png\",\"contentUrl\":\"https:\\\/\\\/hotelmrak.si\\\/hotel-ljubljana\\\/wp-content\\\/uploads\\\/2018\\\/09\\\/logo_hotel_mrak.png\",\"width\":335,\"height\":126,\"caption\":\"Hotel Mrak\"},\"image\":{\"@id\":\"https:\\\/\\\/hotelmrak.si\\\/en\\\/#\\\/schema\\\/logo\\\/image\\\/\"},\"sameAs\":[\"https:\\\/\\\/www.facebook.com\\\/hotelmrak.si\\\/\",\"https:\\\/\\\/www.instagram.com\\\/hotelmrak\\\/\"]}]}<\/script>\n<!-- \/ Yoast SEO plugin. -->","yoast_head_json":{"title":"PLE\u010cNIK'S LJUBLJANA - Hotel Mrak","robots":{"index":"index","follow":"follow","max-snippet":"max-snippet:-1","max-image-preview":"max-image-preview:large","max-video-preview":"max-video-preview:-1"},"canonical":"https:\/\/hotelmrak.si\/en\/experience\/ljubljana\/","og_locale":"en_US","og_type":"article","og_title":"PLE\u010cNIK'S LJUBLJANA - Hotel Mrak","og_description":"The hotel is located in the old city centre, close to the remains of the ancient Roman city of Emona, as evidenced by the name of the road on which the hotel stands. Only a few steps away, you will find archaeological excavations and remains from Roman times (Roman wall). To the Ljubljanica River, which...","og_url":"https:\/\/hotelmrak.si\/en\/experience\/ljubljana\/","og_site_name":"Hotel Mrak","article_publisher":"https:\/\/www.facebook.com\/hotelmrak.si\/","article_modified_time":"2022-03-29T06:21:00+00:00","og_image":[{"width":1350,"height":900,"url":"https:\/\/hotelmrak.si\/hotel-ljubljana\/wp-content\/uploads\/2020\/06\/F000768-ljubljanica_river_and_cankar_quay_b_kladnik_2689_orig_jpg-photo-l-1350x900-1.jpg","type":"image\/jpeg"}],"twitter_card":"summary_large_image","twitter_misc":{"Est. reading time":"2 minutes"},"schema":{"@context":"https:\/\/schema.org","@graph":[{"@type":"WebPage","@id":"https:\/\/hotelmrak.si\/en\/experience\/ljubljana\/","url":"https:\/\/hotelmrak.si\/en\/experience\/ljubljana\/","name":"PLE\u010cNIK'S LJUBLJANA - Hotel Mrak","isPartOf":{"@id":"https:\/\/hotelmrak.si\/en\/#website"},"primaryImageOfPage":{"@id":"https:\/\/hotelmrak.si\/en\/experience\/ljubljana\/#primaryimage"},"image":{"@id":"https:\/\/hotelmrak.si\/en\/experience\/ljubljana\/#primaryimage"},"thumbnailUrl":"https:\/\/hotelmrak.si\/hotel-ljubljana\/wp-content\/uploads\/2020\/06\/F000768-ljubljanica_river_and_cankar_quay_b_kladnik_2689_orig_jpg-photo-l-1350x900-1.jpg","datePublished":"2020-06-13T03:57:37+00:00","dateModified":"2022-03-29T06:21:00+00:00","breadcrumb":{"@id":"https:\/\/hotelmrak.si\/en\/experience\/ljubljana\/#breadcrumb"},"inLanguage":"en-US","potentialAction":[{"@type":"ReadAction","target":["https:\/\/hotelmrak.si\/en\/experience\/ljubljana\/"]}]},{"@type":"ImageObject","inLanguage":"en-US","@id":"https:\/\/hotelmrak.si\/en\/experience\/ljubljana\/#primaryimage","url":"https:\/\/hotelmrak.si\/hotel-ljubljana\/wp-content\/uploads\/2020\/06\/F000768-ljubljanica_river_and_cankar_quay_b_kladnik_2689_orig_jpg-photo-l-1350x900-1.jpg","contentUrl":"https:\/\/hotelmrak.si\/hotel-ljubljana\/wp-content\/uploads\/2020\/06\/F000768-ljubljanica_river_and_cankar_quay_b_kladnik_2689_orig_jpg-photo-l-1350x900-1.jpg","width":1350,"height":900},{"@type":"BreadcrumbList","@id":"https:\/\/hotelmrak.si\/en\/experience\/ljubljana\/#breadcrumb","itemListElement":[{"@type":"ListItem","position":1,"name":"Home","item":"https:\/\/hotelmrak.si\/en\/"},{"@type":"ListItem","position":2,"name":"Experience","item":"https:\/\/hotelmrak.si\/en\/experience\/"},{"@type":"ListItem","position":3,"name":"PLE\u010cNIK&#8217;S LJUBLJANA"}]},{"@type":"WebSite","@id":"https:\/\/hotelmrak.si\/en\/#website","url":"https:\/\/hotelmrak.si\/en\/","name":"Hotel Mrak","description":"Hotel Mrak is a family-owned hotel set in the old town of Ljubljana.","publisher":{"@id":"https:\/\/hotelmrak.si\/en\/#organization"},"potentialAction":[{"@type":"SearchAction","target":{"@type":"EntryPoint","urlTemplate":"https:\/\/hotelmrak.si\/en\/?s={search_term_string}"},"query-input":{"@type":"PropertyValueSpecification","valueRequired":true,"valueName":"search_term_string"}}],"inLanguage":"en-US"},{"@type":"Organization","@id":"https:\/\/hotelmrak.si\/en\/#organization","name":"Hotel Mrak","url":"https:\/\/hotelmrak.si\/en\/","logo":{"@type":"ImageObject","inLanguage":"en-US","@id":"https:\/\/hotelmrak.si\/en\/#\/schema\/logo\/image\/","url":"https:\/\/hotelmrak.si\/hotel-ljubljana\/wp-content\/uploads\/2018\/09\/logo_hotel_mrak.png","contentUrl":"https:\/\/hotelmrak.si\/hotel-ljubljana\/wp-content\/uploads\/2018\/09\/logo_hotel_mrak.png","width":335,"height":126,"caption":"Hotel Mrak"},"image":{"@id":"https:\/\/hotelmrak.si\/en\/#\/schema\/logo\/image\/"},"sameAs":["https:\/\/www.facebook.com\/hotelmrak.si\/","https:\/\/www.instagram.com\/hotelmrak\/"]}]}},"_links":{"self":[{"href":"https:\/\/hotelmrak.si\/en\/wp-json\/wp\/v2\/pages\/699","targetHints":{"allow":["GET"]}}],"collection":[{"href":"https:\/\/hotelmrak.si\/en\/wp-json\/wp\/v2\/pages"}],"about":[{"href":"https:\/\/hotelmrak.si\/en\/wp-json\/wp\/v2\/types\/page"}],"author":[{"embeddable":true,"href":"https:\/\/hotelmrak.si\/en\/wp-json\/wp\/v2\/users\/1"}],"replies":[{"embeddable":true,"href":"https:\/\/hotelmrak.si\/en\/wp-json\/wp\/v2\/comments?post=699"}],"version-history":[{"count":4,"href":"https:\/\/hotelmrak.si\/en\/wp-json\/wp\/v2\/pages\/699\/revisions"}],"predecessor-version":[{"id":1200,"href":"https:\/\/hotelmrak.si\/en\/wp-json\/wp\/v2\/pages\/699\/revisions\/1200"}],"up":[{"embeddable":true,"href":"https:\/\/hotelmrak.si\/en\/wp-json\/wp\/v2\/pages\/518"}],"wp:featuredmedia":[{"embeddable":true,"href":"https:\/\/hotelmrak.si\/en\/wp-json\/wp\/v2\/media\/620"}],"wp:attachment":[{"href":"https:\/\/hotelmrak.si\/en\/wp-json\/wp\/v2\/media?parent=699"}],"curies":[{"name":"wp","href":"https:\/\/api.w.org\/{rel}","templated":true}]}}